{"id":30,"date":"2025-05-20T12:17:27","date_gmt":"2025-05-20T12:17:27","guid":{"rendered":"https:\/\/veroriita.fi\/3\/etusivu-2\/"},"modified":"2025-10-16T07:30:51","modified_gmt":"2025-10-16T07:30:51","slug":"yrityspalvelut","status":"publish","type":"page","link":"https:\/\/veroriita.fi\/3\/","title":{"rendered":"Yrityspalvelut"},"content":{"rendered":"<div id=\"cs-content\" class=\"cs-content\"><div class=\"x-section e30-e1 mu-0 mu-1 mu-2\" id=\"banneri\"><div class=\"x-bg\"><div class=\"x-bg-layer-lower-img\" data-x-element-bg-layer=\"{&quot;parallaxSize&quot;:&quot;150%&quot;,&quot;parallaxDir&quot;:&quot;v&quot;,&quot;parallaxRev&quot;:false}\"><img decoding=\"async\" src=\"https:\/\/veroriita.fi\/3\/wp-content\/uploads\/2025\/08\/business-team-sharing-successful-results-happy-bu-2024-11-05-03-27-022-utc.jpg\" alt=\"Mies ja naisty\u00f6ntekij\u00e4 toimiston k\u00e4yt\u00e4v\u00e4ll\u00e4 tutkimassa papereita, nainen puhuu puhelimessa\"\/><\/div><div class=\"x-bg-layer-upper-color\" aria-hidden=\"true\"><\/div><\/div><div class=\"x-row x-container max width e30-e2 mu-8 mu-9 mu-a mu-b mu-c mu-j mu-k\"><div class=\"x-row-inner\"><div class=\"x-col e30-e3 mu-v mu-w\"><div class=\"x-text x-text-headline e30-e4 mu-14 mu-15 mu-16 ylaotsikko\"><div class=\"x-text-content\"><div class=\"x-text-content-text\"><h1 class=\"x-text-content-text-primary\">Miten <span style=\"color: var(--yritys);\">ratkaista<\/span> verotuksessa ilmenneet ongelmat ja erimielisyydet?<\/h1>\n<\/div><\/div><\/div><div class=\"x-text x-content e30-e5 mu-19 mu-1a mu-1b mu-1c leipa\"><p>Verotus on monimutkainen ja usein muuttuva kokonaisuus, jonka tulkinnassa voi synty&auml; erimielisyyksi&auml; verovelvollisen ja Verohallinnon v&auml;lill&auml;. Oli kyse sitten veroilmoituksen virheest&auml;, verotarkastuksen seurauksista tai erilaisista tulkintaeroista, on t&auml;rke&auml;&auml; tiet&auml;&auml;, miten ongelmatilanteita voidaan k&auml;sitell&auml; tehokkaasti ja laillisesti.&nbsp;<\/p>\n<p>Lue lis&auml;&auml; aiheesta t&auml;st&auml; artikkelista.<\/p><\/div><\/div><\/div><\/div><\/div><div class=\"x-section e30-e6 mu-0 mu-3 mu-4 mu-5\" id=\"alku\"><div class=\"x-row x-container max width e30-e7 mu-8 mu-9 mu-a mu-b mu-d mu-e mu-l mu-m\"><div class=\"x-row-inner\"><div class=\"x-col e30-e8 mu-v\"><div class=\"x-text x-text-headline e30-e9 mu-14 mu-15 mu-17 alaotsikko\"><div class=\"x-text-content\"><div class=\"x-text-content-text\"><h2 class=\"x-text-content-text-primary\">Tyypilliset verotukseen liittyv&auml;t ongelmat<\/h2>\n<\/div><\/div><\/div><div class=\"x-text x-content e30-e10 mu-19 mu-1a mu-1d mu-1e leipa\"><p>Verotukseen liittyv\u00e4t haasteet voivat liitty\u00e4 esimerkiksi seuraaviin tilanteisiin:<\/p>\n\n<ul>\n \t<li>Veroilmoituksen puutteet tai virheet<\/li>\n \t<li>Verotarkastuksen j\u00e4lkiverotusp\u00e4\u00e4t\u00f6s<\/li>\n \t<li>Veronkorotukset tai my\u00f6h\u00e4stymismaksut<\/li>\n \t<li>Tulon tai v\u00e4hennyksen verokohtelun tulkintaerot<\/li>\n \t<li>ALV- tai ennakkoveroihin liittyv\u00e4t ristiriidat<\/li>\n \t<li>Ulkomailta saadun tulon verotus<\/li>\n<\/ul>\n<p>Usein ongelmat nousevat esiin vasta verotusp\u00e4\u00e4t\u00f6ksen tai tarkastuksen j\u00e4lkeen, mutta niihin voi varautua my\u00f6s ennalta esimerkiksi asiantuntevalla vero\u00adsuunnittelulla.<\/p><\/div><a class=\"x-anchor x-anchor-button e30-e11 mu-1g mu-1h mu-1i mu-1j nappi-yritys\" tabindex=\"0\" href=\"https:\/\/www.anko.fi\/yrityslakipalvelut\/\" target=\"_blank\" rel=\"noopener noreferrer\"><div class=\"x-anchor-content\"><div class=\"x-anchor-text\"><span class=\"x-anchor-text-primary\">Ota yhteytt\u00e4 asiantuntijaan<\/span><\/div><\/div><\/a><\/div><div class=\"x-col e30-e12 mu-v mu-x mu-y mu-z mu-10\"><div class=\"x-bg\"><div class=\"x-bg-layer-lower-img\"><img decoding=\"async\" src=\"https:\/\/veroriita.fi\/3\/wp-content\/uploads\/2025\/08\/business-team-discussing-papers-at-office-table-2024-09-27-14-53-32-utc.jpg\" alt=\"Mies ja nainen tutkimassa papereita tietokoneen \u00e4\u00e4ress\u00e4\"\/><\/div><\/div><\/div><\/div><\/div><div class=\"x-row x-container max width e30-e13 mu-8 mu-b mu-d mu-e mu-f mu-g mu-l mu-n\"><div class=\"x-row-inner\"><div class=\"x-col e30-e14 mu-v\"><div class=\"x-text x-text-headline e30-e15 mu-14 mu-15 mu-17 alaotsikko\"><div class=\"x-text-content\"><div class=\"x-text-content-text\"><h2 class=\"x-text-content-text-primary\">Oikaisuvaatimus &ndash; ensimm&auml;inen keino ratkaista erimielisyys<\/h2>\n<\/div><\/div><\/div><div class=\"x-text x-content e30-e16 mu-19 mu-1a mu-1b mu-1e leipa\"><p>Jos olet eri mielt\u00e4 Verohallinnon tekem\u00e4st\u00e4 verotusp\u00e4\u00e4t\u00f6ksest\u00e4, voit tehd\u00e4\u00a0<strong>oikaisuvaatimuksen<\/strong>\u00a0verotuksen oikaisulautakunnalle. Oikaisuvaatimus on teht\u00e4v\u00e4 kirjallisesti, ja se tulee toimittaa yleens\u00e4\u00a0<strong>kolmen vuoden<\/strong>\u00a0kuluessa verovuoden p\u00e4\u00e4ttymisest\u00e4. Oikaisuvaatimuksessa on t\u00e4rke\u00e4\u00e4:<\/p>\n\n<ul>\n \t<li>Yksil\u00f6id\u00e4 p\u00e4\u00e4t\u00f6s, johon vaaditaan muutosta<\/li>\n \t<li>Perustella selke\u00e4sti, miksi p\u00e4\u00e4t\u00f6s on virheellinen<\/li>\n \t<li>Liitt\u00e4\u00e4 mukaan tarvittavat todisteet, kuten kuitit tai asiakirjat<\/li>\n<\/ul>\n<p>Oikaisuvaatimus on maksuton ja se on usein ensimm\u00e4inen askel veroriitojen selvitt\u00e4misess\u00e4.<\/p><\/div><\/div><div class=\"x-col e30-e17 mu-v mu-x mu-y mu-z mu-10\"><div class=\"x-bg\"><div class=\"x-bg-layer-lower-img\"><img decoding=\"async\" src=\"https:\/\/veroriita.fi\/3\/wp-content\/uploads\/2025\/08\/closeup-smiling-managers-working-analysing-documen-2024-11-05-02-44-32-utc.jpg\" alt=\"Kaksi toimistoty\u00f6ntekij\u00e4\u00e4 tutkimassa papereita tietokoneen \u00e4\u00e4ress\u00e4\"\/><\/div><\/div><\/div><\/div><\/div><\/div><div class=\"x-section e30-e18 mu-0 mu-3 mu-5 mu-6\"><div class=\"x-row x-container max width e30-e19 mu-8 mu-9 mu-a mu-b mu-d mu-e mu-l mu-o\"><div class=\"x-row-inner\"><div class=\"x-col e30-e20 mu-v\"><div class=\"x-text x-text-headline e30-e21 mu-14 mu-15 mu-17 alaotsikko\"><div class=\"x-text-content\"><div class=\"x-text-content-text\"><h2 class=\"x-text-content-text-primary\">Valitus hallinto-oikeuteen<\/h2>\n<\/div><\/div><\/div><div class=\"x-text x-content e30-e22 mu-19 mu-1a mu-1b mu-1e leipa\"><p dir=\"ltr\">Mik&auml;li oikaisuvaatimus ei tuota toivottua lopputulosta, voit&nbsp;<strong>valittaa hallinto-oikeuteen<\/strong>. Valitus on teht&auml;v&auml; 60 p&auml;iv&auml;n kuluessa oikaisulautakunnan p&auml;&auml;t&ouml;ksest&auml;. Hallinto-oikeus k&auml;sittelee asian laajemmin, ja prosessi vaatii yleens&auml; huolellista kirjallista valmistelua. T&auml;ss&auml; vaiheessa on suositeltavaa k&auml;&auml;nty&auml; vero-oikeuteen perehtyneen&nbsp;<b>juristin<\/b>&nbsp;puoleen.<\/p><\/div><\/div><div class=\"x-col e30-e23 mu-v mu-x mu-y mu-z mu-10\"><div class=\"x-bg\"><div class=\"x-bg-layer-lower-img\"><img decoding=\"async\" src=\"https:\/\/veroriita.fi\/3\/wp-content\/uploads\/2025\/08\/queue-of-applicants-2025-03-16-03-47-30-utc.jpg\" alt=\"Toimistoty\u00f6ntekij\u00f6it\u00e4 jonossa tutkimassa dokumentteja\"\/><\/div><\/div><\/div><\/div><\/div><div class=\"x-row x-container max width e30-e24 mu-8 mu-b mu-d mu-e mu-f mu-g mu-l mu-p\"><div class=\"x-row-inner\"><div class=\"x-col e30-e25 mu-v\"><div class=\"x-text x-text-headline e30-e26 mu-14 mu-15 mu-17 alaotsikko\"><div class=\"x-text-content\"><div class=\"x-text-content-text\"><h2 class=\"x-text-content-text-primary\">Ennakoiva apu: ennakkoratkaisu ja verosuunnittelu<\/h2>\n<\/div><\/div><\/div><div class=\"x-text x-content e30-e27 mu-19 mu-1a mu-1b mu-1e leipa\"><p>Verotuksellisia erimielisyyksi&auml; voidaan usein v&auml;ltt&auml;&auml; ennakolta:<\/p>\n<ul>\n<li>\n<p><strong>Ennakkoratkaisu<\/strong>: Verovelvollinen voi hakea Verohallinnolta sitovaa ennakkoratkaisua ennen verotuksen toimittamista. T&auml;m&auml; on hy&ouml;dyllist&auml; erityisesti liiketoimintaa tai omaisuuden myynti&auml; suunniteltaessa.<\/p>\n<\/li>\n<li>\n<p><strong>Vero&shy;suunnittelu<\/strong>: Asiantunteva verosuunnittelu auttaa v&auml;ltt&auml;m&auml;&auml;n riskej&auml; ja l&ouml;yt&auml;m&auml;&auml;n verotehokkaita ratkaisuja yritys- ja henkil&ouml;kohtaisessa taloudessa.<\/p>\n<\/li>\n<\/ul><\/div><\/div><div class=\"x-col e30-e28 mu-v mu-x mu-y mu-z mu-10\"><div class=\"x-bg\"><div class=\"x-bg-layer-lower-img\"><img decoding=\"async\" src=\"https:\/\/veroriita.fi\/3\/wp-content\/uploads\/2025\/05\/so-this-is-what-i-m-thinking-2024-10-18-09-31-39-utc.jpg\" alt=\"Mies ja nainen tutkimassa asiakirjaa\"\/><\/div><\/div><\/div><\/div><\/div><\/div><div class=\"x-section e30-e29 mu-0 mu-3 mu-4 mu-5\"><div class=\"x-row x-container max width e30-e30 mu-8 mu-9 mu-a mu-b mu-e mu-h mu-l mu-q\"><div class=\"x-row-inner\"><div class=\"x-col e30-e31 mu-v\"><div class=\"x-text x-text-headline e30-e32 mu-14 mu-15 mu-17 alaotsikko\"><div class=\"x-text-content\"><div class=\"x-text-content-text\"><h2 class=\"x-text-content-text-primary\">Milloin kannattaa hakea apua asiantuntijalta?<\/h2>\n<\/div><\/div><\/div><div class=\"x-text x-content e30-e33 mu-19 mu-1a mu-1b mu-1e leipa\"><p>Vaikka verovelvollinen voi hoitaa monia asioita itse, tietyiss&auml; tilanteissa asiantuntijan apu on eritt&auml;in suositeltavaa:<\/p>\n<ul>\n<li>Verotarkastuksen kohteeksi joutuminen<\/li>\n<li>Monimutkainen kansainv&auml;linen verotus<\/li>\n<li>Suuriin omaisuus- tai liiketoimintaj&auml;rjestelyihin liittyv&auml;t kysymykset<\/li>\n<li>Pitk&auml;t ja tekniset erimielisyydet Verohallinnon kanssa<\/li>\n<\/ul>\n<p>Juristi tai veroasiantuntija voi arvioida tilanteesi realistisesti ja auttaa koko prosessin ajan &ndash; dokumentaation kokoamisesta viranomaisviestint&auml;&auml;n ja tarvittaessa oikeudenk&auml;yntiin asti.<\/p><\/div><\/div><div class=\"x-col e30-e34 mu-v\"><div class=\"x-text x-text-headline e30-e35 mu-14 mu-15 mu-17 alaotsikko\"><div class=\"x-text-content\"><div class=\"x-text-content-text\"><h2 class=\"x-text-content-text-primary\">Toimi ajoissa ja perusteellisesti<\/h2>\n<\/div><\/div><\/div><div class=\"x-text x-content e30-e36 mu-19 mu-1a mu-1d mu-1e leipa\"><p>Verotukseen liittyv&auml;t ongelmat eiv&auml;t ole harvinaisia, mutta niihin on olemassa selkeit&auml; ratkaisukeinoja. On t&auml;rke&auml;&auml; reagoida nopeasti, perehty&auml; p&auml;&auml;t&ouml;ksiin huolellisesti ja hy&ouml;dynt&auml;&auml; oikaisumahdollisuudet. Asiantuntevan oikeusavustajan avulla voit turvata oikeutesi ja ratkaista kiistan tehokkaasti.<\/p>\n<p><strong>Tarvitsetko apua verotukseen liittyv&auml;ss&auml; erimielisyydess&auml;?<\/strong><br \/>Ota yhteytt&auml; asiantuntevaan juristiimme &ndash; autamme sinua l&ouml;yt&auml;m&auml;&auml;n ratkaisun nopeasti ja oikeudenmukaisesti.<\/p><\/div><a class=\"x-anchor x-anchor-button e30-e37 mu-1g mu-1h mu-1i mu-1j nappi-yritys\" tabindex=\"0\" href=\"https:\/\/www.anko.fi\/yrityslakipalvelut\/\" target=\"_blank\" rel=\"noopener noreferrer\"><div class=\"x-anchor-content\"><div class=\"x-anchor-text\"><span class=\"x-anchor-text-primary\">Ota yhteytt\u00e4 asiantuntijaan<\/span><\/div><\/div><\/a><\/div><div class=\"x-col e30-e38 mu-v mu-x mu-z mu-11\"><div class=\"x-bg\"><div class=\"x-bg-layer-lower-img\"><img decoding=\"async\" src=\"https:\/\/veroriita.fi\/3\/wp-content\/uploads\/2025\/05\/smiling-woman-and-insurance-agent-shaking-hands-in-2024-11-18-09-49-51-utc.jpg\" alt=\"Mies ja nainen tapaamassa lakimiest\u00e4 toimistossa, nainen ja lakimies k\u00e4ttelev\u00e4t\"\/><\/div><\/div><\/div><\/div><\/div><\/div><div class=\"x-section e30-e39 mu-0 mu-2 mu-3 mu-7\"><div class=\"x-bg\"><div class=\"x-bg-layer-lower-img\" data-x-element-bg-layer=\"{&quot;parallaxSize&quot;:&quot;150%&quot;,&quot;parallaxDir&quot;:&quot;v&quot;,&quot;parallaxRev&quot;:false}\"><img decoding=\"async\" src=\"https:\/\/veroriita.fi\/3\/wp-content\/uploads\/2025\/05\/business-team-meeting-2025-02-10-13-53-37-utc.jpg\" alt=\"Kolme ihmist\u00e4 tekem\u00e4ss\u00e4 t\u00f6it\u00e4 p\u00f6yd\u00e4n \u00e4\u00e4ress\u00e4 toimistossa\"\/><\/div><div class=\"x-bg-layer-upper-color\" aria-hidden=\"true\"><\/div><\/div><div class=\"x-row x-container max width e30-e40 mu-8 mu-9 mu-a mu-c mu-i mu-j mu-r\"><div class=\"x-row-inner\"><div class=\"x-col e30-e41 mu-v mu-x mu-12\"><div class=\"x-text x-text-headline e30-e42 mu-15 mu-17 mu-18 alaotsikko\"><div class=\"x-text-content\"><div class=\"x-text-content-text\"><h2 class=\"x-text-content-text-primary\">Tarvitsetko apua?<\/h2>\n<\/div><\/div><\/div><div class=\"x-text x-content e30-e43 mu-1a mu-1f ala-alaotsikko\"><p dir=\"ltr\">Ota meihin yhteytt&auml;. Toimimme - Ratkaisemme<\/p><\/div><a class=\"x-anchor x-anchor-button e30-e44 mu-1g mu-1h mu-1k mu-1l nappi-valk-yritys\" tabindex=\"0\" href=\"https:\/\/www.anko.fi\/yrityslakipalvelut\/\" target=\"_blank\" rel=\"noopener noreferrer\"><div class=\"x-anchor-content\"><div class=\"x-anchor-text\"><span class=\"x-anchor-text-primary\">Ota yhteytt\u00e4 asiantuntijaan<\/span><\/div><\/div><\/a><\/div><\/div><\/div><\/div><div class=\"x-section e30-e45 mu-0 mu-3 mu-4 mu-5\" id=\"meista\"><div class=\"x-row x-container max width e30-e46 mu-8 mu-9 mu-b mu-d mu-e mu-g mu-l mu-s\"><div class=\"x-row-inner\"><div class=\"x-col e30-e47 mu-v\"><div class=\"x-text x-text-headline e30-e48 mu-14 mu-15 mu-17 alaotsikko\"><div class=\"x-text-content\"><div class=\"x-text-content-text\"><h2 class=\"x-text-content-text-primary\">Meist&auml;<\/h2>\n<\/div><\/div><\/div><div class=\"x-text x-content e30-e49 mu-19 mu-1a mu-1d mu-1e leipa\"><div class=\"elementor-element elementor-element-6e15265 elementor-widget elementor-widget-text-editor\" data-id=\"6e15265\" data-element_type=\"widget\" data-widget_type=\"text-editor.default\">\n<div class=\"elementor-widget-container\">\n<div class=\"elementor-element elementor-element-6e15265 elementor-widget elementor-widget-text-editor\" data-id=\"6e15265\" data-element_type=\"widget\" data-widget_type=\"text-editor.default\">\n<div class=\"elementor-widget-container\">\n<p>Veroriita.fi on oikeudellinen palvelu, joka on keskittynyt verovelvollisen ja verohallinnon v&auml;lisiin erimielisyyksiin. Palvelun toteutuksesta vastaa <strong><a href=\"https:\/\/www.anko.fi\/yrityslakipalvelut\/\" target=\"_blank\" rel=\"noopener\">Anko Yrityslakipalvelut<\/a><\/strong>, ja jokaisesta asiakastapauksesta huolehtii luvan saanut oikeudenk&auml;yntiavustaja.<\/p>\n<p>Kun veroasiat menev&auml;t pieleen, meilt&auml; saat asiantuntevan juristin puolellesi.<\/p>\n<\/div>\n<\/div>\n<\/div>\n<\/div><\/div><a class=\"x-anchor x-anchor-button e30-e50 mu-1g mu-1h mu-1i mu-1j nappi-yritys\" tabindex=\"0\" href=\"https:\/\/www.anko.fi\/yrityslakipalvelut\/\" target=\"_blank\" rel=\"noopener noreferrer\"><div class=\"x-anchor-content\"><div class=\"x-anchor-text\"><span class=\"x-anchor-text-primary\">Ota yhteytt\u00e4 asiantuntijaan<\/span><\/div><\/div><\/a><\/div><div class=\"x-col e30-e51 mu-v mu-x mu-y mu-z mu-13\"><div class=\"x-bg\"><div class=\"x-bg-layer-lower-img\"><img decoding=\"async\" src=\"https:\/\/veroriita.fi\/3\/wp-content\/uploads\/2025\/06\/business-people-meeting-in-a-business-park-2025-03-13-12-01-17-utc.jpg\" alt=\"Kolme tyt\u00f6ntekij\u00e4\u00e4 istumassa portaikossa puvut p\u00e4\u00e4ll\u00e4\"\/><\/div><\/div><\/div><\/div><\/div><\/div><div class=\"x-section e30-e52 mu-0 mu-3 mu-5 mu-6\" id=\"yhteys\"><div class=\"x-row x-container max width e30-e53 mu-8 mu-9 mu-a mu-b mu-d mu-e mu-l mu-t\"><div class=\"x-row-inner\"><div class=\"x-col e30-e54 mu-v\"><div class=\"x-text x-text-headline e30-e55 mu-14 mu-15 mu-17 alaotsikko\"><div class=\"x-text-content\"><div class=\"x-text-content-text\"><h2 class=\"x-text-content-text-primary\">Ota yhteytt&auml;<\/h2>\n<\/div><\/div><\/div><div class=\"x-text x-content e30-e56 mu-19 mu-1a mu-1d mu-1e leipa\"><div class=\"elementor-element elementor-element-6e15265 elementor-widget elementor-widget-text-editor\" data-id=\"6e15265\" data-element_type=\"widget\" data-widget_type=\"text-editor.default\">\n<div class=\"elementor-widget-container\">\n<p>Anko Yrityslakipalvelut Oy<\/p>\n<\/div>\n<\/div><\/div><div class=\"x-row e30-e57 mu-8 mu-9 mu-a mu-b mu-c mu-j mu-u\"><div class=\"x-row-inner\"><div class=\"x-col e30-e58 mu-v\"><a class=\"x-anchor x-anchor-button has-graphic e30-e59 mu-1h mu-1j mu-1k mu-1m nappi-yritys\" tabindex=\"0\" href=\"tel:tel:+358103389241\"><div class=\"x-anchor-content\"><span class=\"x-graphic\" aria-hidden=\"true\"><i class=\"x-icon x-graphic-child x-graphic-icon x-graphic-primary\" aria-hidden=\"true\" data-x-icon-s=\"&#xf095;\"><\/i><\/span><div class=\"x-anchor-text\"><span class=\"x-anchor-text-primary\">010 3389 241<\/span><\/div><\/div><\/a><\/div><div class=\"x-col e30-e60 mu-v\"><a class=\"x-anchor x-anchor-button has-graphic e30-e61 mu-1h mu-1j mu-1k mu-1m nappi-yritys\" tabindex=\"0\" href=\"mailto:anko@anko.fi\"><div class=\"x-anchor-content\"><span class=\"x-graphic\" aria-hidden=\"true\"><i class=\"x-icon x-graphic-child x-graphic-icon x-graphic-primary\" aria-hidden=\"true\" data-x-icon-s=\"&#xf0e0;\"><\/i><\/span><div class=\"x-anchor-text\"><span class=\"x-anchor-text-primary\">anko@anko.fi<\/span><\/div><\/div><\/a><\/div><\/div><\/div><\/div><div class=\"x-col e30-e62 mu-v mu-x mu-y mu-z mu-13\"><div class=\"x-bg\"><div class=\"x-bg-layer-lower-img\"><img decoding=\"async\" src=\"https:\/\/veroriita.fi\/3\/wp-content\/uploads\/2025\/06\/young-woman-sitting-on-a-wooden-window-sill-by-the-2025-03-10-20-09-49-utc.jpg\" alt=\"Nainen soittamassa puhelua kotona ikkunan \u00e4\u00e4ress\u00e4\"\/><\/div><\/div><\/div><\/div><\/div><\/div><\/div>\n","protected":false},"excerpt":{"rendered":"<p>Miten ratkaista verotuksessa ilmenneet ongelmat ja erimielisyydet? Verotus on monimutkainen ja usein muuttuva kokonaisuus, jonka tulkinnassa voi synty&auml; erimielisyyksi&auml; verovelvollisen ja Verohallinnon v&auml;lill&auml;. Oli kyse sitten veroilmoituksen virheest&auml;, verotarkastuksen seurauksista tai erilaisista tulkintaeroista, on t&auml;rke&auml;&auml; tiet&auml;&auml;, miten ongelmatilanteita voidaan k&auml;sitell&auml; tehokkaasti ja laillisesti.&nbsp; Lue lis&auml;&auml; aiheesta t&auml;st&auml; artikkelista.Tyypilliset verotukseen liittyv&auml;t ongelmat Verotukseen liittyv\u00e4t haasteet voivat liitty\u00e4 esimerkiksi seuraaviin tilanteisiin: Veroilmoituksen &#8230; <a href=\"https:\/\/veroriita.fi\/3\/\" class=\"more-link\">Read More<\/a><\/p>\n","protected":false},"author":1,"featured_media":0,"parent":0,"menu_order":0,"comment_status":"closed","ping_status":"closed","template":"template-blank-4.php","meta":{"footnotes":""},"categories":[10],"class_list":["post-30","page","type-page","status-publish","hentry","category-yritys","no-post-thumbnail"],"publishpress_future_action":{"enabled":false,"date":"2026-04-12 16:33:54","action":"change-status","newStatus":"draft","terms":[],"taxonomy":"category","extraData":[]},"publishpress_future_workflow_manual_trigger":{"enabledWorkflows":[]},"_links":{"self":[{"href":"https:\/\/veroriita.fi\/3\/wp-json\/wp\/v2\/pages\/30","targetHints":{"allow":["GET"]}}],"collection":[{"href":"https:\/\/veroriita.fi\/3\/wp-json\/wp\/v2\/pages"}],"about":[{"href":"https:\/\/veroriita.fi\/3\/wp-json\/wp\/v2\/types\/page"}],"author":[{"embeddable":true,"href":"https:\/\/veroriita.fi\/3\/wp-json\/wp\/v2\/users\/1"}],"replies":[{"embeddable":true,"href":"https:\/\/veroriita.fi\/3\/wp-json\/wp\/v2\/comments?post=30"}],"version-history":[{"count":27,"href":"https:\/\/veroriita.fi\/3\/wp-json\/wp\/v2\/pages\/30\/revisions"}],"predecessor-version":[{"id":142,"href":"https:\/\/veroriita.fi\/3\/wp-json\/wp\/v2\/pages\/30\/revisions\/142"}],"wp:attachment":[{"href":"https:\/\/veroriita.fi\/3\/wp-json\/wp\/v2\/media?parent=30"}],"wp:term":[{"taxonomy":"category","embeddable":true,"href":"https:\/\/veroriita.fi\/3\/wp-json\/wp\/v2\/categories?post=30"}],"curies":[{"name":"wp","href":"https:\/\/api.w.org\/{rel}","templated":true}]}}