{"id":163,"date":"2026-02-06T10:27:12","date_gmt":"2026-02-06T10:27:12","guid":{"rendered":"https:\/\/veroriita.fi\/3\/yrityspalvelut-2\/"},"modified":"2026-02-09T09:16:30","modified_gmt":"2026-02-09T09:16:30","slug":"koirien-ja-kissojen-kasvattajille","status":"publish","type":"page","link":"https:\/\/veroriita.fi\/3\/koirien-ja-kissojen-kasvattajille\/","title":{"rendered":"Koirien ja kissojen kasvattajille"},"content":{"rendered":"<div id=\"cs-content\" class=\"cs-content\"><div class=\"x-section e163-e1 m4j-0 m4j-1 m4j-2\" id=\"banneri\"><div class=\"x-bg\"><div class=\"x-bg-layer-lower-img\" data-x-element-bg-layer=\"{&quot;parallaxSize&quot;:&quot;130%&quot;,&quot;parallaxDir&quot;:&quot;v&quot;,&quot;parallaxRev&quot;:false}\"><img decoding=\"async\" src=\"https:\/\/veroriita.fi\/3\/wp-content\/uploads\/2026\/02\/training-a-dog-2026-01-07-05-43-12-utc2.jpg\" alt=\"koiria omistajiensa kanssa nurmella\"\/><\/div><div class=\"x-bg-layer-upper-color\" aria-hidden=\"true\"><\/div><\/div><div class=\"x-row x-container max width e163-e2 m4j-8 m4j-9 m4j-a m4j-b m4j-c m4j-h m4j-i\"><div class=\"x-row-inner\"><div class=\"x-col e163-e3 m4j-t m4j-u\"><div class=\"x-text x-text-headline e163-e4 m4j-12 m4j-13 m4j-14 ylaotsikko\"><div class=\"x-text-content\"><div class=\"x-text-content-text\"><h1 class=\"x-text-content-text-primary\">Verohallinto tarkastaa<span style=\"color: var(--yritys);\"> koira- ja kissankasvattajia<\/span> &ndash; oletko saanut m&auml;tkyj&auml; tai verotarkastuskirjeen?<\/h1>\n<\/div><\/div><\/div><div class=\"x-text x-content e163-e5 m4j-17 m4j-18 m4j-19 leipa\"><p>Verohallinto on viime vuosina kohdistanut tehostettuja verotarkastuksia koirien ja kissojen kasvattajiin. Tarkastusten seurauksena on m&auml;&auml;r&auml;tty kymmenien tai jopa satojen tuhansien eurojen j&auml;lkiveroja.<\/p>\n<p>Verohallinto on vienyt useita tarkastuksia my&ouml;s rikosprosessiin jopa t&ouml;rkein&auml; veropetoksina ja aasinsiltana sen, ett&auml; t&auml;m&auml;nkin vuoksi reagointi jo vertarkastusvaiheessa tai viimeist&auml;&auml;n verotarkastusp&auml;&auml;t&ouml;ksen j&auml;lkeen on t&auml;rke&auml;&auml;. Rikosasia on jossain m&auml;&auml;rin riippuvainen verotusp&auml;&auml;t&ouml;ksist&auml;, joten juurisyyhyn puuttuminen on keskeisen t&auml;rke&auml;&auml;.<\/p>\n<p>Kulujen osalta selvit&auml;mme, oletko oikeutettu valtion maksamaan oikeusapuun. Veronkorotuksia ja joissain tapauksissa verorikossyytteit&auml;. Oikealla asiantuntija-avulla p&auml;&auml;t&ouml;ksiin voidaan puuttua.<\/p>\n<p>Lue lis&auml;&auml; aiheesta t&auml;st&auml; artikkelista.<\/p><\/div><\/div><\/div><\/div><\/div><div class=\"x-section e163-e6 m4j-0 m4j-3 m4j-4 m4j-5\" id=\"alku\"><div class=\"x-row x-container max width e163-e7 m4j-8 m4j-9 m4j-a m4j-b m4j-d m4j-j m4j-k\"><div class=\"x-row-inner\"><div class=\"x-col e163-e8 m4j-t\"><div class=\"x-text x-text-headline e163-e9 m4j-12 m4j-13 m4j-15 alaotsikko\"><div class=\"x-text-content\"><div class=\"x-text-content-text\"><h2 class=\"x-text-content-text-primary\">Miksi kasvattajat ovat tarkastusten kohteena?<\/h2>\n<\/div><\/div><\/div><div class=\"x-text x-content e163-e10 m4j-18 m4j-1a m4j-1b leipa\"><p><span>Verohallinto katsoo yh\u00e4 useammin, ett\u00e4 koira- ja kissankasvatustoiminta t\u00e4ytt\u00e4\u00e4 elinkeinotoiminnan tunnusmerkit, vaikka kasvattaja itse kokisi toimintansa harrastuksena. Tarkastuksissa arvioidaan muun muassa:<\/span><\/p>\n\n<ul>\n \t<li>kasvatustoiminnan laajuutta ja jatkuvuutta<\/li>\n \t<li>pentujen ja pentueiden m\u00e4\u00e4r\u00e4\u00e4<\/li>\n \t<li>tulojen ja kulujen dokumentointia<\/li>\n \t<li>arvonlis\u00e4verovelvollisuutta<\/li>\n \t<li>kuluv\u00e4hennysten oikeellisuutta<\/li>\n<\/ul>\n<p><span>Monille kasvattajille yll\u00e4tyksen\u00e4 tulee se, miten pitk\u00e4lle taaksep\u00e4in verot voidaan oikaista.<\/span><\/p><\/div><a class=\"x-anchor x-anchor-button e163-e11 m4j-1d m4j-1e m4j-1f m4j-1g nappi-yritys\" tabindex=\"0\" href=\"https:\/\/www.anko.fi\/yrityslakipalvelut\/\" target=\"_blank\" rel=\"noopener noreferrer\"><div class=\"x-anchor-content\"><div class=\"x-anchor-text\"><span class=\"x-anchor-text-primary\">Ota yhteytt\u00e4 asiantuntijaan<\/span><\/div><\/div><\/a><\/div><div class=\"x-col e163-e12 m4j-t m4j-v m4j-w m4j-x m4j-y\"><div class=\"x-bg\"><div class=\"x-bg-layer-lower-img\"><img decoding=\"async\" src=\"https:\/\/veroriita.fi\/3\/wp-content\/uploads\/2025\/08\/business-team-discussing-papers-at-office-table-2024-09-27-14-53-32-utc.jpg\" alt=\"Mies ja nainen tutkimassa papereita tietokoneen \u00e4\u00e4ress\u00e4\"\/><\/div><\/div><\/div><\/div><\/div><div class=\"x-row x-container max width e163-e13 m4j-8 m4j-b m4j-d m4j-e m4j-f m4j-j m4j-l\"><div class=\"x-row-inner\"><div class=\"x-col e163-e14 m4j-t\"><div class=\"x-text x-text-headline e163-e15 m4j-12 m4j-13 m4j-15 alaotsikko\"><div class=\"x-text-content\"><div class=\"x-text-content-text\"><h2 class=\"x-text-content-text-primary\">Mist&auml; suuret m&auml;tkyt syntyv&auml;t?<\/h2>\n<\/div><\/div><\/div><div class=\"x-text x-content e163-e16 m4j-18 m4j-19 m4j-1a leipa\"><p>Miksi m\u00e4tkyt voivat nousta kymmeniin tai satoihin tuhansiin euroihin?<\/p>\n\n<ul>\n \t<li>j\u00e4lkiveroja useilta verovuosilta<\/li>\n \t<li>veronkorotuksia ja viiv\u00e4styskorkoja<\/li>\n \t<li>arvonlis\u00e4veroja takautuvasti<\/li>\n \t<li>esitutkinta tai syyte verorikoksesta<\/li>\n<\/ul>\n<p>Usein kyse ei ole tahallisesta veronkierrosta, vaan ep\u00e4selv\u00e4st\u00e4 rajasta harrastuksen ja elinkeinotoiminnan v\u00e4lill\u00e4.<\/p><\/div><\/div><div class=\"x-col e163-e17 m4j-t m4j-v m4j-w m4j-x m4j-y\"><div class=\"x-bg\"><div class=\"x-bg-layer-lower-img\"><img decoding=\"async\" src=\"https:\/\/veroriita.fi\/3\/wp-content\/uploads\/2026\/02\/woman-kiss-a-cat-mother-love-2026-01-05-05-09-25-utc.jpg\" alt=\"nainen antamassa suukkoa kissalle\"\/><\/div><\/div><\/div><\/div><\/div><\/div><div class=\"x-section e163-e18 m4j-0 m4j-3 m4j-5 m4j-6\"><div class=\"x-row x-container max width e163-e19 m4j-8 m4j-9 m4j-a m4j-b m4j-d m4j-j m4j-m\"><div class=\"x-row-inner\"><div class=\"x-col e163-e20 m4j-t\"><div class=\"x-text x-text-headline e163-e21 m4j-12 m4j-13 m4j-15 alaotsikko\"><div class=\"x-text-content\"><div class=\"x-text-content-text\"><h2 class=\"x-text-content-text-primary\">Miten voimme auttaa ja miksi juuri me?<\/h2>\n<\/div><\/div><\/div><div class=\"x-text x-content e163-e22 m4j-18 m4j-19 m4j-1a leipa\"><p>Aikainen reagointi pienent&auml;&auml; taloudellisia ja rikosoikeudellisia riskej&auml;.<\/p>\n<p>Kasvattajan puolella &ndash; my&ouml;s omasta kokemuksestamme<\/p>\n<p>Meill&auml; on asiantuntijakokemusta el&auml;inten kasvatustoiminnasta, ja tunnemme k&auml;yt&auml;nn&ouml;ss&auml; ne kysymykset ja sudenkuopat, joihin Verohallinto koira- ja kissankasvattajien tarkastuksissa tarttuu.<br \/>Tarkastelemme asiaa sek&auml; juridisesta n&auml;k&ouml;kulmasta ett&auml; kasvattajan arjen realiteeteista k&auml;sin.<\/p><\/div><\/div><div class=\"x-col e163-e23 m4j-t m4j-v m4j-w m4j-x m4j-y\"><div class=\"x-bg\"><div class=\"x-bg-layer-lower-img\"><img decoding=\"async\" src=\"https:\/\/veroriita.fi\/3\/wp-content\/uploads\/2025\/08\/queue-of-applicants-2025-03-16-03-47-30-utc.jpg\" alt=\"Toimistoty\u00f6ntekij\u00f6it\u00e4 jonossa tutkimassa dokumentteja\"\/><\/div><\/div><\/div><\/div><\/div><div class=\"x-row x-container max width e163-e24 m4j-8 m4j-b m4j-d m4j-e m4j-f m4j-j m4j-n\"><div class=\"x-row-inner\"><div class=\"x-col e163-e25 m4j-t\"><div class=\"x-text x-text-headline e163-e26 m4j-12 m4j-13 m4j-15 alaotsikko\"><div class=\"x-text-content\"><div class=\"x-text-content-text\"><h2 class=\"x-text-content-text-primary\">Asiantuntijapalvelumme<\/h2>\n<\/div><\/div><\/div><div class=\"x-text x-content e163-e27 m4j-18 m4j-19 m4j-1a leipa\"><ul>\n<li>verotarkastusp&auml;&auml;t&ouml;ksen ja laskelmien analysointi<\/li>\n<li>oikaisuvaatimuksen laatiminen Verohallinnolle<\/li>\n<li>neuvottelut veroviranomaisen kanssa<\/li>\n<li>valitukset hallinto-oikeuteen<\/li>\n<li>avustaminen verorikosep&auml;ilyiss&auml; ja esitutkinnassa<\/li>\n<\/ul><\/div><\/div><div class=\"x-col e163-e28 m4j-t m4j-v m4j-w m4j-x m4j-y\"><div class=\"x-bg\"><div class=\"x-bg-layer-lower-img\"><img decoding=\"async\" src=\"https:\/\/veroriita.fi\/3\/wp-content\/uploads\/2026\/02\/pet-owner-stroking-his-old-cat-and-dog-together-2026-01-08-01-43-56-utc2.jpg\" alt=\"nainen silitt\u00e4\u00e4 kissaa koira syliss\u00e4\u00e4n\"\/><\/div><\/div><\/div><\/div><\/div><\/div><div class=\"x-section e163-e29 m4j-0 m4j-3 m4j-4 m4j-5\"><div class=\"x-row x-container max width e163-e30 m4j-8 m4j-9 m4j-a m4j-b m4j-d m4j-j m4j-o\"><div class=\"x-row-inner\"><div class=\"x-col e163-e31 m4j-t\"><div class=\"x-text x-text-headline e163-e32 m4j-12 m4j-13 m4j-15 alaotsikko\"><div class=\"x-text-content\"><div class=\"x-text-content-text\"><h2 class=\"x-text-content-text-primary\">&Auml;l&auml; j&auml;&auml; yksin verotarkastuksen kanssa<\/h2>\n<\/div><\/div><\/div><div class=\"x-text x-content e163-e33 m4j-18 m4j-1a m4j-1b leipa\"><p>Koira- ja kissankasvattajien verotarkastukset etenev&auml;t usein nopeasti ja takautuvasti. Mit&auml; aiemmin asiaan puututaan, sit&auml; paremmat mahdollisuudet on vaikuttaa lopputulokseen.<\/p>\n<p><strong>Ota yhteytt&auml; ja pyyd&auml; luottamuksellinen arvio tilanteestasi.<\/strong><\/p><\/div><a class=\"x-anchor x-anchor-button e163-e34 m4j-1d m4j-1e m4j-1f m4j-1g nappi-yritys\" tabindex=\"0\" href=\"https:\/\/www.anko.fi\/yrityslakipalvelut\/\" target=\"_blank\" rel=\"noopener noreferrer\"><div class=\"x-anchor-content\"><div class=\"x-anchor-text\"><span class=\"x-anchor-text-primary\">Ota yhteytt\u00e4 asiantuntijaan<\/span><\/div><\/div><\/a><\/div><div class=\"x-col e163-e35 m4j-t m4j-v m4j-w m4j-x m4j-y\"><div class=\"x-bg\"><div class=\"x-bg-layer-lower-img\"><img decoding=\"async\" src=\"https:\/\/veroriita.fi\/3\/wp-content\/uploads\/2025\/05\/selective-focus-of-handsome-advisor-in-suit-discus-2024-11-18-13-19-01-utc.jpg\" alt=\"Mies ja nainen tapaamassa lakimiest\u00e4 toimistossa\"\/><\/div><\/div><\/div><\/div><\/div><\/div><div class=\"x-section e163-e36 m4j-0 m4j-2 m4j-3 m4j-7\"><div class=\"x-bg\"><div class=\"x-bg-layer-lower-img\" data-x-element-bg-layer=\"{&quot;parallaxSize&quot;:&quot;150%&quot;,&quot;parallaxDir&quot;:&quot;v&quot;,&quot;parallaxRev&quot;:false}\"><img decoding=\"async\" src=\"https:\/\/veroriita.fi\/3\/wp-content\/uploads\/2026\/02\/dog-walking-at-sunset-2026-01-07-01-31-16-utc.jpg\" alt=\"Image\"\/><\/div><div class=\"x-bg-layer-upper-color\" aria-hidden=\"true\"><\/div><\/div><div class=\"x-row x-container max width e163-e37 m4j-8 m4j-9 m4j-a m4j-c m4j-g m4j-h m4j-p\"><div class=\"x-row-inner\"><div class=\"x-col e163-e38 m4j-t m4j-v m4j-z\"><div class=\"x-text x-text-headline e163-e39 m4j-13 m4j-15 m4j-16 alaotsikko\"><div class=\"x-text-content\"><div class=\"x-text-content-text\"><h2 class=\"x-text-content-text-primary\">Tarvitsetko apua?<\/h2>\n<\/div><\/div><\/div><div class=\"x-text x-content e163-e40 m4j-18 m4j-1c ala-alaotsikko\"><p dir=\"ltr\">Ota meihin yhteytt&auml;. Toimimme - Ratkaisemme<\/p><\/div><a class=\"x-anchor x-anchor-button e163-e41 m4j-1d m4j-1e m4j-1h m4j-1i nappi-valk-yritys\" tabindex=\"0\" href=\"https:\/\/www.anko.fi\/yrityslakipalvelut\/\" target=\"_blank\" rel=\"noopener noreferrer\"><div class=\"x-anchor-content\"><div class=\"x-anchor-text\"><span class=\"x-anchor-text-primary\">Ota yhteytt\u00e4 asiantuntijaan<\/span><\/div><\/div><\/a><\/div><\/div><\/div><\/div><div class=\"x-section e163-e42 m4j-0 m4j-3 m4j-4 m4j-5\" id=\"meista\"><div class=\"x-row x-container max width e163-e43 m4j-8 m4j-9 m4j-b m4j-d m4j-f m4j-j m4j-q\"><div class=\"x-row-inner\"><div class=\"x-col e163-e44 m4j-t\"><div class=\"x-text x-text-headline e163-e45 m4j-12 m4j-13 m4j-15 alaotsikko\"><div class=\"x-text-content\"><div class=\"x-text-content-text\"><h2 class=\"x-text-content-text-primary\">Meist&auml;<\/h2>\n<\/div><\/div><\/div><div class=\"x-text x-content e163-e46 m4j-18 m4j-1a m4j-1b leipa\"><div class=\"elementor-element elementor-element-6e15265 elementor-widget elementor-widget-text-editor\" data-id=\"6e15265\" data-element_type=\"widget\" data-widget_type=\"text-editor.default\">\n<div class=\"elementor-widget-container\">\n<div class=\"elementor-element elementor-element-6e15265 elementor-widget elementor-widget-text-editor\" data-id=\"6e15265\" data-element_type=\"widget\" data-widget_type=\"text-editor.default\">\n<div class=\"elementor-widget-container\">\n<p>Veroriita.fi on oikeudellinen palvelu, joka on keskittynyt verovelvollisen ja verohallinnon v&auml;lisiin erimielisyyksiin. Palvelun toteutuksesta vastaa <strong><a href=\"https:\/\/www.anko.fi\/yrityslakipalvelut\/\" target=\"_blank\" rel=\"noopener\">Anko Yrityslakipalvelut<\/a><\/strong>, ja jokaisesta asiakastapauksesta huolehtii luvan saanut oikeudenk&auml;yntiavustaja.<\/p>\n<p>Kun veroasiat menev&auml;t pieleen, meilt&auml; saat asiantuntevan juristin puolellesi.<\/p>\n<\/div>\n<\/div>\n<\/div>\n<\/div><\/div><a class=\"x-anchor x-anchor-button e163-e47 m4j-1d m4j-1e m4j-1f m4j-1g nappi-yritys\" tabindex=\"0\" href=\"https:\/\/www.anko.fi\/yrityslakipalvelut\/\" target=\"_blank\" rel=\"noopener noreferrer\"><div class=\"x-anchor-content\"><div class=\"x-anchor-text\"><span class=\"x-anchor-text-primary\">Ota yhteytt\u00e4 asiantuntijaan<\/span><\/div><\/div><\/a><\/div><div class=\"x-col e163-e48 m4j-t m4j-v m4j-w m4j-10 m4j-11\"><div class=\"x-bg\"><div class=\"x-bg-layer-lower-img\"><img decoding=\"async\" src=\"https:\/\/veroriita.fi\/3\/wp-content\/uploads\/2026\/02\/Anko_Antti_020_nettikoko.jpg\" alt=\"Image\"\/><\/div><\/div><\/div><\/div><\/div><\/div><div class=\"x-section e163-e49 m4j-0 m4j-3 m4j-5 m4j-6\" id=\"yhteys\"><div class=\"x-row x-container max width e163-e50 m4j-8 m4j-9 m4j-a m4j-b m4j-d m4j-j m4j-r\"><div class=\"x-row-inner\"><div class=\"x-col e163-e51 m4j-t\"><div class=\"x-text x-text-headline e163-e52 m4j-12 m4j-13 m4j-15 alaotsikko\"><div class=\"x-text-content\"><div class=\"x-text-content-text\"><h2 class=\"x-text-content-text-primary\">Ota yhteytt&auml;<\/h2>\n<\/div><\/div><\/div><div class=\"x-text x-content e163-e53 m4j-18 m4j-1a m4j-1b leipa\"><div class=\"elementor-element elementor-element-6e15265 elementor-widget elementor-widget-text-editor\" data-id=\"6e15265\" data-element_type=\"widget\" data-widget_type=\"text-editor.default\">\n<div class=\"elementor-widget-container\">\n<p>Anko Yrityslakipalvelut Oy<\/p>\n<\/div>\n<\/div><\/div><div class=\"x-row e163-e54 m4j-8 m4j-9 m4j-a m4j-b m4j-c m4j-h m4j-s\"><div class=\"x-row-inner\"><div class=\"x-col e163-e55 m4j-t\"><a class=\"x-anchor x-anchor-button has-graphic e163-e56 m4j-1e m4j-1g m4j-1h m4j-1j nappi-yritys\" tabindex=\"0\" href=\"tel:tel:+358103389241\"><div class=\"x-anchor-content\"><span class=\"x-graphic\" aria-hidden=\"true\"><i class=\"x-icon x-graphic-child x-graphic-icon x-graphic-primary\" aria-hidden=\"true\" data-x-icon-s=\"&#xf095;\"><\/i><\/span><div class=\"x-anchor-text\"><span class=\"x-anchor-text-primary\">010 3389 241<\/span><\/div><\/div><\/a><\/div><div class=\"x-col e163-e57 m4j-t\"><a class=\"x-anchor x-anchor-button has-graphic e163-e58 m4j-1e m4j-1g m4j-1h m4j-1j nappi-yritys\" tabindex=\"0\" href=\"mailto:anko@anko.fi\"><div class=\"x-anchor-content\"><span class=\"x-graphic\" aria-hidden=\"true\"><i class=\"x-icon x-graphic-child x-graphic-icon x-graphic-primary\" aria-hidden=\"true\" data-x-icon-s=\"&#xf0e0;\"><\/i><\/span><div class=\"x-anchor-text\"><span class=\"x-anchor-text-primary\">anko@anko.fi<\/span><\/div><\/div><\/a><\/div><\/div><\/div><\/div><div class=\"x-col e163-e59 m4j-t m4j-v m4j-w m4j-y m4j-10\"><div class=\"x-bg\"><div class=\"x-bg-layer-lower-img\"><img decoding=\"async\" src=\"https:\/\/veroriita.fi\/3\/wp-content\/uploads\/2025\/06\/young-woman-sitting-on-a-wooden-window-sill-by-the-2025-03-10-20-09-49-utc.jpg\" alt=\"Nainen soittamassa puhelua kotona ikkunan \u00e4\u00e4ress\u00e4\"\/><\/div><\/div><\/div><\/div><\/div><\/div><\/div>\n","protected":false},"excerpt":{"rendered":"<p>Verohallinto tarkastaa koira- ja kissankasvattajia &ndash; oletko saanut m&auml;tkyj&auml; tai verotarkastuskirjeen? Verohallinto on viime vuosina kohdistanut tehostettuja verotarkastuksia koirien ja kissojen kasvattajiin. Tarkastusten seurauksena on m&auml;&auml;r&auml;tty kymmenien tai jopa satojen tuhansien eurojen j&auml;lkiveroja. Verohallinto on vienyt useita tarkastuksia my&ouml;s rikosprosessiin jopa t&ouml;rkein&auml; veropetoksina ja aasinsiltana sen, ett&auml; t&auml;m&auml;nkin vuoksi reagointi jo vertarkastusvaiheessa tai viimeist&auml;&auml;n verotarkastusp&auml;&auml;t&ouml;ksen j&auml;lkeen on t&auml;rke&auml;&auml;. Rikosasia on &#8230; <a href=\"https:\/\/veroriita.fi\/3\/koirien-ja-kissojen-kasvattajille\/\" class=\"more-link\">Read More<\/a><\/p>\n","protected":false},"author":1,"featured_media":0,"parent":0,"menu_order":0,"comment_status":"closed","ping_status":"closed","template":"template-blank-4.php","meta":{"footnotes":""},"categories":[10],"class_list":["post-163","page","type-page","status-publish","hentry","category-yritys","no-post-thumbnail"],"publishpress_future_action":{"enabled":false,"date":"2026-04-12 12:44:46","action":"change-status","newStatus":"draft","terms":[],"taxonomy":"category","extraData":[]},"publishpress_future_workflow_manual_trigger":{"enabledWorkflows":[]},"_links":{"self":[{"href":"https:\/\/veroriita.fi\/3\/wp-json\/wp\/v2\/pages\/163","targetHints":{"allow":["GET"]}}],"collection":[{"href":"https:\/\/veroriita.fi\/3\/wp-json\/wp\/v2\/pages"}],"about":[{"href":"https:\/\/veroriita.fi\/3\/wp-json\/wp\/v2\/types\/page"}],"author":[{"embeddable":true,"href":"https:\/\/veroriita.fi\/3\/wp-json\/wp\/v2\/users\/1"}],"replies":[{"embeddable":true,"href":"https:\/\/veroriita.fi\/3\/wp-json\/wp\/v2\/comments?post=163"}],"version-history":[{"count":5,"href":"https:\/\/veroriita.fi\/3\/wp-json\/wp\/v2\/pages\/163\/revisions"}],"predecessor-version":[{"id":178,"href":"https:\/\/veroriita.fi\/3\/wp-json\/wp\/v2\/pages\/163\/revisions\/178"}],"wp:attachment":[{"href":"https:\/\/veroriita.fi\/3\/wp-json\/wp\/v2\/media?parent=163"}],"wp:term":[{"taxonomy":"category","embeddable":true,"href":"https:\/\/veroriita.fi\/3\/wp-json\/wp\/v2\/categories?post=163"}],"curies":[{"name":"wp","href":"https:\/\/api.w.org\/{rel}","templated":true}]}}